{"id":484,"date":"2015-11-13T13:01:20","date_gmt":"2015-11-13T13:01:20","guid":{"rendered":"http:\/\/xml-io.proteusthemes.com\/structurepress\/?page_id=484"},"modified":"2018-09-12T10:10:55","modified_gmt":"2018-09-12T07:10:55","slug":"nasilulasirim","status":"publish","type":"page","link":"https:\/\/www.ozelnezihapart.com\/kizapart\/?page_id=484","title":{"rendered":"Nas\u0131l Ula\u015f\u0131r\u0131m ?"},"content":{"rendered":"<div id=\"pl-484\"  class=\"panel-layout\" ><div id=\"pg-484-0\"  class=\"panel-grid panel-no-style\" ><div id=\"pgc-484-0-0\"  class=\"panel-grid-cell\" ><div id=\"panel-484-0-0-0\" class=\"so-panel widget widget_sow-editor panel-first-child panel-last-child\" data-index=\"0\" ><div\n\t\t\t\n\t\t\tclass=\"so-widget-sow-editor so-widget-sow-editor-base\"\n\t\t\t\n\t\t>\n<div class=\"siteorigin-widget-tinymce textwidget\">\n\t<p>Nezih Apart Eski\u015fehir Osmangazi \u00dcniversitesi KYK yurdu kar\u015f\u0131s\u0131nda bulunmaktad\u0131r. Apart yerle\u015fim alan\u0131 gerek g\u00fcvenlik gerekse ula\u015f\u0131m imkanlar\u0131 ve sosyal alanlara yak\u0131nl\u0131\u011f\u0131 ile nezih bir yerdedir.<\/p>\n<p><a href=\"https:\/\/www.google.com.tr\/maps\/place\/Nezih+Apart\/@39.7490233,30.4950762,17z\/data=!3m1!4b1!4m5!3m4!1s0x14cc164c474709c7:0xd25ea1e87aa7224b!8m2!3d39.7490233!4d30.4972649?hl=tr noopener\" target=\"_blank\" rel=\"https:\/\/www.google.com.tr\/maps\/place\/Nezih+Apart\/@39.7490233,30.4950762,17z\/data=!3m1!4b1!4m5!3m4!1s0x14cc164c474709c7:0xd25ea1e87aa7224b!8m2!3d39.7490233!4d30.4972649?hl=tr noopener\"><img decoding=\"async\" loading=\"lazy\" class=\"alignnone wp-image-1471 size-medium\" src=\"http:\/\/www.nezihapart.com\/kizapart\/wp-content\/uploads\/2018\/09\/harita-298x300.jpg\" alt=\"\" width=\"298\" height=\"300\" srcset=\"https:\/\/www.ozelnezihapart.com\/kizapart\/wp-content\/uploads\/2018\/09\/harita-298x300.jpg 298w, https:\/\/www.ozelnezihapart.com\/kizapart\/wp-content\/uploads\/2018\/09\/harita-150x150.jpg 150w, https:\/\/www.ozelnezihapart.com\/kizapart\/wp-content\/uploads\/2018\/09\/harita.jpg 382w\" sizes=\"(max-width: 298px) 100vw, 298px\" \/><\/a><\/p>\n<p>Adres\u00a0 \u00a0 \u00a0 \u00a0 \u00a0:\u00a0B\u00fcy\u00fckdere Mh.Dalg\u0131\u00e7 Sk. No:45 ESK\u0130\u015eEH\u0130R<br \/>\nTelefon\u00a0 \u00a0 \u00a0 :+90-222-229-29-59 +90-505-321-00-65<br \/>\nWhatsapp :+90-532-762-00-39<br \/>\nemail\u00a0 \u00a0 \u00a0 \u00a0 : nezihapart@gmail.com<\/p>\n<p><a class=\"btn  btn-primary\" href=\"https:\/\/www.google.com.tr\/maps\/place\/Nezih+Apart\/@39.7490233,30.4950762,17z\/data=!3m1!4b1!4m5!3m4!1s0x14cc164c474709c7:0xd25ea1e87aa7224b!8m2!3d39.7490233!4d30.4972649?hl=tr\" target=\"_blank\">  YOL TAR\u0130F\u0130 <\/a> \u00a0<a class=\"btn  btn-primary\" href=\"http:\/\/www.nezihapart.com\/kizapart\/?page_id=269\" target=\"_self\"> GALER\u0130<\/a><\/p>\n<\/div>\n<\/div><\/div><\/div><\/div><\/div>","protected":false},"excerpt":{"rendered":"<p>Nezih Apart Eski\u015fehir Osmangazi \u00dcniversitesi KYK yurdu kar\u015f\u0131s\u0131nda bulunmaktad\u0131r. Apart yerle\u015fim alan\u0131 gerek g\u00fcvenlik gerekse ula\u015f\u0131m imkanlar\u0131 ve sosyal alanlara yak\u0131nl\u0131\u011f\u0131 ile nezih bir yerdedir. Adres\u00a0 \u00a0 \u00a0 \u00a0 \u00a0:\u00a0B\u00fcy\u00fckdere Mh.Dalg\u0131\u00e7 Sk. No:45 ESK\u0130\u015eEH\u0130R Telefon\u00a0 \u00a0 \u00a0 :+90-222-229-29-59 +90-505-321-00-65 Whatsapp :+90-532-762-00-39 email\u00a0 \u00a0 \u00a0 \u00a0 : nezihapart@gmail.com \u00a0<\/p>\n","protected":false},"author":1,"featured_media":981,"parent":43,"menu_order":0,"comment_status":"closed","ping_status":"closed","template":"","meta":[],"acf":[],"_links":{"self":[{"href":"https:\/\/www.ozelnezihapart.com\/kizapart\/index.php?rest_route=\/wp\/v2\/pages\/484"}],"collection":[{"href":"https:\/\/www.ozelnezihapart.com\/kizapart\/index.php?rest_route=\/wp\/v2\/pages"}],"about":[{"href":"https:\/\/www.ozelnezihapart.com\/kizapart\/index.php?rest_route=\/wp\/v2\/types\/page"}],"author":[{"embeddable":true,"href":"https:\/\/www.ozelnezihapart.com\/kizapart\/index.php?rest_route=\/wp\/v2\/users\/1"}],"replies":[{"embeddable":true,"href":"https:\/\/www.ozelnezihapart.com\/kizapart\/index.php?rest_route=%2Fwp%2Fv2%2Fcomments&post=484"}],"version-history":[{"count":20,"href":"https:\/\/www.ozelnezihapart.com\/kizapart\/index.php?rest_route=\/wp\/v2\/pages\/484\/revisions"}],"predecessor-version":[{"id":1509,"href":"https:\/\/www.ozelnezihapart.com\/kizapart\/index.php?rest_route=\/wp\/v2\/pages\/484\/revisions\/1509"}],"up":[{"embeddable":true,"href":"https:\/\/www.ozelnezihapart.com\/kizapart\/index.php?rest_route=\/wp\/v2\/pages\/43"}],"wp:featuredmedia":[{"embeddable":true,"href":"https:\/\/www.ozelnezihapart.com\/kizapart\/index.php?rest_route=\/wp\/v2\/media\/981"}],"wp:attachment":[{"href":"https:\/\/www.ozelnezihapart.com\/kizapart\/index.php?rest_route=%2Fwp%2Fv2%2Fmedia&parent=484"}],"curies":[{"name":"wp","href":"https:\/\/api.w.org\/{rel}","templated":true}]}}