{"id":36,"date":"2015-10-22T05:45:07","date_gmt":"2015-10-22T05:45:07","guid":{"rendered":"http:\/\/xml-io.proteusthemes.com\/structurepress\/?page_id=36"},"modified":"2019-07-25T20:25:52","modified_gmt":"2019-07-25T17:25:52","slug":"about","status":"publish","type":"page","link":"https:\/\/www.ozelnezihapart.com\/kizapart\/?page_id=36","title":{"rendered":"Hakk\u0131m\u0131zda"},"content":{"rendered":"<div id=\"pl-36\"  class=\"panel-layout\" ><div id=\"pg-36-0\"  class=\"panel-grid panel-no-style\" ><div id=\"pgc-36-0-0\"  class=\"panel-grid-cell\" ><div id=\"panel-36-0-0-0\" class=\"so-panel widget widget_pw_person_profile widget-person-profile panel-first-child panel-last-child\" data-index=\"0\" >\n\t<div class=\"card  person-profile\">\n\t\t\t\t<img class=\"person-profile__image  wp-post-image\" src=\"http:\/\/www.nezihapart.com\/kizapart\/wp-content\/uploads\/2016\/07\/erkekyonetici.png\" alt=\"\u015eunun resmi: Bayram Ali \u00d6zkaynak\">\n\t\t\t\t<div class=\"card-block  person-profile__container\">\n\t\t\t\t\t\t<div class=\"person-profile__content\">\n\t\t\t\t\t\t\t\t\t<span class=\"person-profile__tag\">Nezih Erkek Apart M\u00fcd\u00fcr\u00fc<\/span>\n\t\t\t\t\t\t\t\t<h4 class=\"card-title  person-profile__name\">Bayram Ali \u00d6zkaynak<\/h4>\n\t\t\t\t<p class=\"card-text  person-profile__description\">\u00d6ncelikle kaliteli hizmeti hedefleyen bir ekip ile \u00e7al\u0131\u015fmaktan ve bu hizmeti size sunmaktan mutluluk duyar\u0131m. Apartlar\u0131m\u0131zda kalan her misafirimiz bizim i\u00e7in \u00e7ok de\u011ferlidir.O nedenle hep birlikte misafirlerimiz i\u00e7in elimizden gelenin en iyisini yapaca\u011f\u0131z.<\/p>\n\t\t\t<\/div>\n\t\t<\/div>\n\t<\/div>\n\n<\/div><\/div><div id=\"pgc-36-0-1\"  class=\"panel-grid-cell\" ><div id=\"panel-36-0-1-0\" class=\"so-panel widget widget_pw_person_profile widget-person-profile panel-first-child panel-last-child\" data-index=\"1\" >\n\t<div class=\"card  person-profile\">\n\t\t\t\t<img class=\"person-profile__image  wp-post-image\" src=\"http:\/\/www.nezihapart.com\/kizapart\/wp-content\/uploads\/2016\/07\/genelyonetici.png\" alt=\"\u015eunun resmi: Selda Zengin\">\n\t\t\t\t<div class=\"card-block  person-profile__container\">\n\t\t\t\t\t\t<div class=\"person-profile__content\">\n\t\t\t\t\t\t\t\t\t<span class=\"person-profile__tag\">Nezih K\u0131z Apart M\u00fcd\u00fcr\u00fc<\/span>\n\t\t\t\t\t\t\t\t<h4 class=\"card-title  person-profile__name\">Selda Zengin<\/h4>\n\t\t\t\t<p class=\"card-text  person-profile__description\">K\u0131z \u00f6\u011frenci apart\u0131 sorumlu m\u00fcdiresi olarak, bize emanet edilen yada bize g\u00fcvenerek tercih eden misafirlerimize y\u00fcksek standartl\u0131 konaklama imkan\u0131 sa\u011flamak amac\u0131m\u0131zd\u0131r. Bizi tercih eden b\u00fct\u00fcn misafirlerimize te\u015fekk\u00fcr ediyorum. Tercihlerinin ne kadar do\u011fru oldu\u011funu zaman i\u00e7erisinde kendileri de g\u00f6receklerdir.<\/p>\n\t\t\t<\/div>\n\t\t<\/div>\n\t<\/div>\n\n<\/div><\/div><\/div><div id=\"pg-36-1\"  class=\"panel-grid panel-no-style\" ><div id=\"pgc-36-1-0\"  class=\"panel-grid-cell\" ><div id=\"panel-36-1-0-0\" class=\"so-panel widget widget_sow-editor panel-first-child\" data-index=\"2\" ><div\n\t\t\t\n\t\t\tclass=\"so-widget-sow-editor so-widget-sow-editor-base\"\n\t\t\t\n\t\t>\n<div class=\"siteorigin-widget-tinymce textwidget\">\n\t<h2>Nezih Apart ve Konaklama\u00a0A\u015e.<\/h2><\/div>\n<\/div><\/div><div id=\"panel-36-1-0-1\" class=\"so-panel widget widget_pw_open_position widget-open-position panel-last-child\" data-index=\"3\" ><div\n\t\t\t\n\t\t\tclass=\"so-widget-pw_open_position so-widget-pw_open_position-base\"\n\t\t\t\n\t\t>\n<div id=\"panel-36-1-0-1\" class=\"so-panel widget widget_pw_open_position widget-open-position panel-last-child\" data-index=\"3\" >\t<div class=\"open-position\">\n\t\t<div class=\"open-position__content-container\">\n\t\t\t\t\t\t\t<h3 class=\"open-position__title\">\n\t\t\t\t\tVizyon ve Misyonumuz\t\t\t\t<\/h3>\n\t\t\t\t\t\t<div class=\"open-position__date\">\n\t\t\t\t01.06.2016\t\t\t<\/div>\n\t\t\t<div class=\"open-position__content\">\n\t\t\t\t<p>Nezih apartlar\u0131 2014 y\u0131l\u0131nda \u00f6\u011frencilerin konaklama ihtiya\u00e7lar\u0131n\u0131 kar\u015f\u0131lamak amac\u0131 ile kurulmu\u015ftur. O g\u00fcnden bu g\u00fcne y\u00fckselen kalitemiz ve i\u015f standartlar\u0131m\u0131z le bayan ve erkek apartlar\u0131 olarak hizmet vermekteyiz. Kulland\u0131\u011f\u0131m\u0131z malzemeler ve apart mefru\u015fatlar\u0131 misafirlerimizin rahat\u0131 d\u00fc\u015f\u00fcn\u00fclerek b\u00fcnyemize kat\u0131lm\u0131\u015ft\u0131r. MBE dan onayl\u0131 sertifikam\u0131zla, TSE\u00a0 standartlar\u0131nda konaklama imkan\u0131 vererek misafirlerimize g\u00fcvenli rahat ve temiz bir hizmet vermekteyiz.<\/p>\n<p>&nbsp;<\/p>\n\t\t\t<\/div>\n\t\t<\/div>\n\t\t<div class=\"open-position__details\">\n\t\t\t<h4 class=\"open-position__details-title\">\u0130leti\u015fim Detay\u0131<\/h4>\n\t\t\t\t\t\t\t<div class=\"open-position__details-item\">\n\t\t\t\t\t<span class=\"open-position__details-item-icon\"><span class=\"sow-icon-fontawesome sow-fas\" data-sow-icon=\"&#xf19c;\"\n\t\t \n\t\taria-hidden=\"true\"><\/span><\/span><span class=\"open-position__details-item-text\">B\u00fcy\u00fckdere Mh. Dalg\u0131\u00e7 Sk. No:24<\/span>\n\t\t\t\t<\/div>\n\t\t\t\t\t\t\t<div class=\"open-position__details-item\">\n\t\t\t\t\t<span class=\"open-position__details-item-icon\"><span class=\"sow-icon-fontawesome sow-fas\" data-sow-icon=\"&#xf0e0;\"\n\t\t \n\t\taria-hidden=\"true\"><\/span><\/span><span class=\"open-position__details-item-text\">nezihapart@gmail.com<\/span>\n\t\t\t\t<\/div>\n\t\t\t\t\t\t\t<div class=\"open-position__details-item\">\n\t\t\t\t\t<span class=\"open-position__details-item-icon\"><span class=\"sow-icon-fontawesome sow-fas\" data-sow-icon=\"&#xf095;\"\n\t\t \n\t\taria-hidden=\"true\"><\/span><\/span><span class=\"open-position__details-item-text\">+90-222-229-29-59  +90-505-321-00-65<\/span>\n\t\t\t\t<\/div>\n\t\t\t\t\t<\/div>\n\t<\/div>\n\n\t<script type=\"text\/javascript\">\n\t\tjQuery( '#collapse-widget-1-0-1' ).on( 'shown.bs.collapse' , function() {\n\t\t\tjQuery( '#collapse-link-widget-1-0-1' ).html( '<i class=\"fa fa-minus\"><\/i> Close' );\n\t\t});\n\t\tjQuery( '#collapse-widget-1-0-1' ).on( 'hidden.bs.collapse', function() {\n\t\t\tjQuery( '#collapse-link-widget-1-0-1' ).html( '<i class=\"fa fa-plus\"><\/i> Read more' );\n\t\t});\n\t<\/script>\n\n<\/div><\/div><\/div><\/div><\/div><\/div>","protected":false},"excerpt":{"rendered":"<p>Nezih Apart ve Konaklama\u00a0A\u015e.<\/p>\n","protected":false},"author":1,"featured_media":0,"parent":0,"menu_order":0,"comment_status":"closed","ping_status":"closed","template":"","meta":[],"acf":[],"_links":{"self":[{"href":"https:\/\/www.ozelnezihapart.com\/kizapart\/index.php?rest_route=\/wp\/v2\/pages\/36"}],"collection":[{"href":"https:\/\/www.ozelnezihapart.com\/kizapart\/index.php?rest_route=\/wp\/v2\/pages"}],"about":[{"href":"https:\/\/www.ozelnezihapart.com\/kizapart\/index.php?rest_route=\/wp\/v2\/types\/page"}],"author":[{"embeddable":true,"href":"https:\/\/www.ozelnezihapart.com\/kizapart\/index.php?rest_route=\/wp\/v2\/users\/1"}],"replies":[{"embeddable":true,"href":"https:\/\/www.ozelnezihapart.com\/kizapart\/index.php?rest_route=%2Fwp%2Fv2%2Fcomments&post=36"}],"version-history":[{"count":30,"href":"https:\/\/www.ozelnezihapart.com\/kizapart\/index.php?rest_route=\/wp\/v2\/pages\/36\/revisions"}],"predecessor-version":[{"id":1564,"href":"https:\/\/www.ozelnezihapart.com\/kizapart\/index.php?rest_route=\/wp\/v2\/pages\/36\/revisions\/1564"}],"wp:attachment":[{"href":"https:\/\/www.ozelnezihapart.com\/kizapart\/index.php?rest_route=%2Fwp%2Fv2%2Fmedia&parent=36"}],"curies":[{"name":"wp","href":"https:\/\/api.w.org\/{rel}","templated":true}]}}