{"id":11,"date":"2015-10-14T08:25:58","date_gmt":"2015-10-14T08:25:58","guid":{"rendered":"http:\/\/demo.proteusthemes.com\/structurepress\/?page_id=11"},"modified":"2019-07-25T19:51:45","modified_gmt":"2019-07-25T16:51:45","slug":"home","status":"publish","type":"page","link":"https:\/\/www.ozelnezihapart.com\/kizapart\/","title":{"rendered":"Ana Sayfa"},"content":{"rendered":"<div id=\"pl-11\"  class=\"panel-layout\" ><div id=\"pg-11-0\"  class=\"panel-grid panel-has-style\" ><div class=\"panel-row-style panel-row-style-for-11-0\" ><div id=\"pgc-11-0-0\"  class=\"panel-grid-cell\" ><div id=\"panel-11-0-0-0\" class=\"so-panel widget widget_pw_featured_page widget-featured-page panel-first-child panel-last-child\" data-index=\"0\" >\n\t<div class=\"page-box  page-box--block\">\n\t\t\t\t\t<a class=\"page-box__picture\" href=\"https:\/\/www.ozelnezihapart.com\/kizapart\/?page_id=969\">\n\t\t\t\t<img src=\"https:\/\/www.ozelnezihapart.com\/kizapart\/wp-content\/uploads\/2016\/06\/resepsiyon.jpg\" width=\"360\" height=\"240\" srcset=\"https:\/\/www.ozelnezihapart.com\/kizapart\/wp-content\/uploads\/2016\/06\/resepsiyon.jpg 360w, https:\/\/www.ozelnezihapart.com\/kizapart\/wp-content\/uploads\/2016\/06\/resepsiyon.jpg 360w\" sizes=\"(min-width: 992px) 360px, calc(100vw - 30px)\" class=\"wp-post-image\" alt=\"Apart Bilgisi\">\n\t\t\t<\/a>\n\t\t\t\t<div class=\"page-box__content\">\n\t\t\t<h4 class=\"page-box__title\"><a href=\"https:\/\/www.ozelnezihapart.com\/kizapart\/?page_id=969\">Apart Bilgisi<\/a><\/h4>\n\t\t\t<p class=\"page-box__text\">Apartlar\u0131m\u0131z;\u00a0g\u00fcvenlik, hijyen ve i\u015fletme durumu itibariyle A kalite bir yap\u0131dad\u0131r.\u00a0Apart\u0131m\u0131z\u0131n bulundu\u011fu semt g\u00fcvenli ve sayg\u0131n bir \u00e7evreye sahiptir.\u00a0Konum bilgisinden de g\u00f6rece\u011finiz &hellip;<\/p>\n\t\t\t\t\t\t\t<a href=\"https:\/\/www.ozelnezihapart.com\/kizapart\/?page_id=969\" class=\"page-box__more-link\">Devam\u0131<\/a>\n\t\t\t\t\t<\/div>\n\t<\/div>\n\n<\/div><\/div><div id=\"pgc-11-0-1\"  class=\"panel-grid-cell\" ><div id=\"panel-11-0-1-0\" class=\"so-panel widget widget_pw_featured_page widget-featured-page panel-first-child panel-last-child\" data-index=\"1\" >\n\t<div class=\"page-box  page-box--block\">\n\t\t\t\t\t<a class=\"page-box__picture\" href=\"https:\/\/www.ozelnezihapart.com\/kizapart\/?page_id=484\">\n\t\t\t\t<img src=\"https:\/\/www.ozelnezihapart.com\/kizapart\/wp-content\/uploads\/2016\/06\/google-maps-icon-360x240.png\" width=\"360\" height=\"240\" srcset=\"https:\/\/www.ozelnezihapart.com\/kizapart\/wp-content\/uploads\/2016\/06\/google-maps-icon-360x240.png 360w, https:\/\/www.ozelnezihapart.com\/kizapart\/wp-content\/uploads\/2016\/06\/google-maps-icon.png 450w\" sizes=\"(min-width: 992px) 360px, calc(100vw - 30px)\" class=\"wp-post-image\" alt=\"Nas\u0131l Ula\u015f\u0131r\u0131m ?\">\n\t\t\t<\/a>\n\t\t\t\t<div class=\"page-box__content\">\n\t\t\t<h4 class=\"page-box__title\"><a href=\"https:\/\/www.ozelnezihapart.com\/kizapart\/?page_id=484\">Nas\u0131l Ula\u015f\u0131r\u0131m ?<\/a><\/h4>\n\t\t\t<p class=\"page-box__text\">Nezih Apart Eski\u015fehir Osmangazi \u00dcniversitesi KYK yurdu kar\u015f\u0131s\u0131nda bulunmaktad\u0131r. Apart yerle\u015fim alan\u0131 gerek g\u00fcvenlik gerekse ula\u015f\u0131m imkanlar\u0131 ve sosyal alanlara yak\u0131nl\u0131\u011f\u0131 ile nezih bir &hellip;<\/p>\n\t\t\t\t\t\t\t<a href=\"https:\/\/www.ozelnezihapart.com\/kizapart\/?page_id=484\" class=\"page-box__more-link\">Devam\u0131<\/a>\n\t\t\t\t\t<\/div>\n\t<\/div>\n\n<\/div><\/div><div id=\"pgc-11-0-2\"  class=\"panel-grid-cell\" ><div id=\"panel-11-0-2-0\" class=\"so-panel widget widget_pw_featured_page widget-featured-page panel-first-child panel-last-child\" data-index=\"2\" >\n\t<div class=\"page-box  page-box--block\">\n\t\t\t\t\t<a class=\"page-box__picture\" href=\"https:\/\/www.ozelnezihapart.com\/kizapart\/?page_id=473\">\n\t\t\t\t<img src=\"https:\/\/www.ozelnezihapart.com\/kizapart\/wp-content\/uploads\/2015\/11\/360x240.jpg\" width=\"360\" height=\"240\" srcset=\"https:\/\/www.ozelnezihapart.com\/kizapart\/wp-content\/uploads\/2015\/11\/360x240.jpg 360w, https:\/\/www.ozelnezihapart.com\/kizapart\/wp-content\/uploads\/2015\/11\/360x240.jpg 360w\" sizes=\"(min-width: 992px) 360px, calc(100vw - 30px)\" class=\"wp-post-image\" alt=\"Nereye Yak\u0131n?\">\n\t\t\t<\/a>\n\t\t\t\t<div class=\"page-box__content\">\n\t\t\t<h4 class=\"page-box__title\"><a href=\"https:\/\/www.ozelnezihapart.com\/kizapart\/?page_id=473\">Nereye Yak\u0131n?<\/a><\/h4>\n\t\t\t<p class=\"page-box__text\">Nereye Ne Kadar Uzak ;\nOtob\u00fcs duraklar\u0131na 100 m y\u00fcr\u00fcy\u00fc\u015f mesafesinde.\nTramvay dura\u011f\u0131na 300 m y\u00fcr\u00fcy\u00fc\u015f mesafesinde.\nMinib\u00fcs hatt\u0131 apart \u00f6n\u00fcnden ge\u00e7mektedir.\nKafe ve Restaurant sosyal ya\u015fam &hellip;<\/p>\n\t\t\t\t\t\t\t<a href=\"https:\/\/www.ozelnezihapart.com\/kizapart\/?page_id=473\" class=\"page-box__more-link\">Devam\u0131<\/a>\n\t\t\t\t\t<\/div>\n\t<\/div>\n\n<\/div><\/div><\/div><\/div><div id=\"pg-11-1\"  class=\"panel-grid panel-has-style\" ><div class=\"siteorigin-panels-stretch panel-row-style panel-row-style-for-11-1\" data-stretch-type=\"full\" ><div id=\"pgc-11-1-0\"  class=\"panel-grid-cell\" ><div id=\"panel-11-1-0-0\" class=\"so-panel widget widget_pw_portfolio_grid widget-portfolio-grid panel-first-child panel-last-child\" data-index=\"3\" >\t\t\t\t\t<div class=\"portfolio-grid  portfolio-grid--slider\" data-type=\"slider\">\n\t\t\t\t\t\t\t\t\t\t<nav class=\"portfolio-grid__header\">\n\t\t\t\t\t\t\t\t\t\t\t<div class=\"portfolio-grid__arrows  js-wpg-arrows\">\n\t\t\t\t\t\t\t<a class=\"portfolio-grid__arrow  portfolio-grid__arrow--left\" href=\"#portfolio-grid-widget-1-0-0\" role=\"button\" data-slide=\"prev\">\n\t\t\t\t\t\t\t\t<span class=\"fa fa-caret-left\" aria-hidden=\"true\"><\/span>\n\t\t\t\t\t\t\t\t<span class=\"sr-only\">Previous<\/span>\n\t\t\t\t\t\t\t<\/a><a class=\"portfolio-grid__arrow  portfolio-grid__arrow--right\" href=\"#portfolio-grid-widget-1-0-0\" role=\"button\" data-slide=\"next\">\n\t\t\t\t\t\t\t\t<span class=\"fa fa-caret-right\" aria-hidden=\"true\"><\/span>\n\t\t\t\t\t\t\t\t<span class=\"sr-only\">Next<\/span>\n\t\t\t\t\t\t\t<\/a>\n\t\t\t\t\t\t<\/div>\n\t\t\t\t\t\n\t\t\t\t\t<a href=\"#\" class=\"portfolio-grid__mobile-filter  js-filter  btn  btn-primary  btn-sm  hidden-lg-up\">\n\t\t\t\t\t\t<span class=\"fa  fa-filter\"><\/span> &nbsp;\n\t\t\t\t\t\tFILTER\t\t\t\t\t<\/a>\n\n\t\t\t\t\t<ul class=\"portfolio-grid__nav  js-wpg-nav-holder\">\n\t\t\t\t\t\t<li class=\"portfolio-grid__nav-item  is-active\">\n\t\t\t\t\t\t\t<a href=\"#widget-1-0-0-all\" data-category=\"*\" class=\"portfolio-grid__nav-link  js-wpg-nav\">B\u00fct\u00fcn Resimler<\/a>\n\t\t\t\t\t\t<\/li>\n\t\t\t\t\t\t\t\t\t\t\t\t\t<li class=\"portfolio-grid__nav-item\">\n\t\t\t\t\t\t\t\t<a href=\"#widget-1-0-0-apart-odalari\" data-category=\"odalar\" class=\"portfolio-grid__nav-link  js-wpg-nav\">Apart Odalar\u0131<\/a>\n\t\t\t\t\t\t\t<\/li>\n\t\t\t\t\t\t\t\t\t\t\t\t\t<li class=\"portfolio-grid__nav-item\">\n\t\t\t\t\t\t\t\t<a href=\"#widget-1-0-0-apart-binasi\" data-category=\"bina_ici\" class=\"portfolio-grid__nav-link  js-wpg-nav\">Apart Binas\u0131<\/a>\n\t\t\t\t\t\t\t<\/li>\n\t\t\t\t\t\t\t\t\t\t\t<\/ul>\n\t\t\t\t<\/nav>\n\n\t\t\t\t\t\t\t\t\t<div id=\"portfolio-grid-widget-1-0-0\" class=\"carousel  slide\" data-ride=\"carousel\" data-interval=\"false\">\n\t\t\t\t\t\t\t<div class=\"carousel-inner  js-wpg-items\" role=\"listbox\">\n\t\t\t\t\t\t\t\t<div class=\"carousel-item  active\">\n\t\t\t\t\t\t\t\t\t<div class=\"row\">\n\t\t\t\t\t\t\t\t\t\t\t\t\t<div class=\"col-xs-12  col-sm-6  col-lg-3  js-wpg-item\" data-categories=\"odalar\">\n\t\t\t\t<a class=\"card  portfolio-grid__card  js-wpg-card\" href=\"https:\/\/www.ozelnezihapart.com\/kizapart\/?portfolio=cift_kislik_oda\">\n\t\t\t\t\t<img width=\"360\" height=\"240\" src=\"https:\/\/www.ozelnezihapart.com\/kizapart\/wp-content\/uploads\/2018\/09\/cift01-360x240.jpg\" class=\"card-img-top  portfolio-grid__card-img wp-post-image\" alt=\"\" decoding=\"async\" loading=\"lazy\" srcset=\"https:\/\/www.ozelnezihapart.com\/kizapart\/wp-content\/uploads\/2018\/09\/cift01-360x240.jpg 360w, https:\/\/www.ozelnezihapart.com\/kizapart\/wp-content\/uploads\/2018\/09\/cift01-300x199.jpg 300w, https:\/\/www.ozelnezihapart.com\/kizapart\/wp-content\/uploads\/2018\/09\/cift01-768x509.jpg 768w, https:\/\/www.ozelnezihapart.com\/kizapart\/wp-content\/uploads\/2018\/09\/cift01-540x358.jpg 540w, https:\/\/www.ozelnezihapart.com\/kizapart\/wp-content\/uploads\/2018\/09\/cift01-272x182.jpg 272w\" sizes=\"(max-width: 360px) 100vw, 360px\" \/>\t\t\t\t\t<div class=\"card-block  portfolio-grid__card-block\">\n\t\t\t\t\t\t<h5 class=\"card-title  portfolio-grid__card-title\">\u00c7ift Ki\u015filik Oda<\/h5>\n\t\t\t\t\t\t<p class=\"card-text  portfolio-grid__card-text\"><\/p>\n\t\t\t\t\t<\/div>\n\t\t\t\t<\/a>\n\t\t\t<\/div>\n\t\t\t\t\t\t<div class=\"col-xs-12  col-sm-6  col-lg-3  js-wpg-item\" data-categories=\"odalar\">\n\t\t\t\t<a class=\"card  portfolio-grid__card  js-wpg-card\" href=\"https:\/\/www.ozelnezihapart.com\/kizapart\/?portfolio=uckisi\">\n\t\t\t\t\t<img width=\"360\" height=\"240\" src=\"https:\/\/www.ozelnezihapart.com\/kizapart\/wp-content\/uploads\/2018\/09\/uc01-360x240.jpg\" class=\"card-img-top  portfolio-grid__card-img wp-post-image\" alt=\"\" decoding=\"async\" loading=\"lazy\" srcset=\"https:\/\/www.ozelnezihapart.com\/kizapart\/wp-content\/uploads\/2018\/09\/uc01-360x240.jpg 360w, https:\/\/www.ozelnezihapart.com\/kizapart\/wp-content\/uploads\/2018\/09\/uc01-300x199.jpg 300w, https:\/\/www.ozelnezihapart.com\/kizapart\/wp-content\/uploads\/2018\/09\/uc01-768x509.jpg 768w, https:\/\/www.ozelnezihapart.com\/kizapart\/wp-content\/uploads\/2018\/09\/uc01-540x358.jpg 540w, https:\/\/www.ozelnezihapart.com\/kizapart\/wp-content\/uploads\/2018\/09\/uc01-272x182.jpg 272w\" sizes=\"(max-width: 360px) 100vw, 360px\" \/>\t\t\t\t\t<div class=\"card-block  portfolio-grid__card-block\">\n\t\t\t\t\t\t<h5 class=\"card-title  portfolio-grid__card-title\">\u00dc\u00e7 Ki\u015filik Oda<\/h5>\n\t\t\t\t\t\t<p class=\"card-text  portfolio-grid__card-text\"><\/p>\n\t\t\t\t\t<\/div>\n\t\t\t\t<\/a>\n\t\t\t<\/div>\n\t\t\t\t\t\t<div class=\"col-xs-12  col-sm-6  col-lg-3  js-wpg-item\" data-categories=\"odalar\">\n\t\t\t\t<a class=\"card  portfolio-grid__card  js-wpg-card\" href=\"https:\/\/www.ozelnezihapart.com\/kizapart\/?portfolio=tekkisi\">\n\t\t\t\t\t<img width=\"360\" height=\"240\" src=\"https:\/\/www.ozelnezihapart.com\/kizapart\/wp-content\/uploads\/2018\/09\/tek01-360x240.jpg\" class=\"card-img-top  portfolio-grid__card-img wp-post-image\" alt=\"\" decoding=\"async\" loading=\"lazy\" srcset=\"https:\/\/www.ozelnezihapart.com\/kizapart\/wp-content\/uploads\/2018\/09\/tek01-360x240.jpg 360w, https:\/\/www.ozelnezihapart.com\/kizapart\/wp-content\/uploads\/2018\/09\/tek01-272x182.jpg 272w\" sizes=\"(max-width: 360px) 100vw, 360px\" \/>\t\t\t\t\t<div class=\"card-block  portfolio-grid__card-block\">\n\t\t\t\t\t\t<h5 class=\"card-title  portfolio-grid__card-title\">Tek Ki\u015filik Oda<\/h5>\n\t\t\t\t\t\t<p class=\"card-text  portfolio-grid__card-text\"><\/p>\n\t\t\t\t\t<\/div>\n\t\t\t\t<\/a>\n\t\t\t<\/div>\n\t\t\t\t\t\t<div class=\"col-xs-12  col-sm-6  col-lg-3  js-wpg-item\" data-categories=\"bina_ici\">\n\t\t\t\t<a class=\"card  portfolio-grid__card  js-wpg-card\" href=\"https:\/\/www.ozelnezihapart.com\/kizapart\/?portfolio=resimler\">\n\t\t\t\t\t<img width=\"360\" height=\"240\" src=\"https:\/\/www.ozelnezihapart.com\/kizapart\/wp-content\/uploads\/2018\/09\/dis02-360x240.jpg\" class=\"card-img-top  portfolio-grid__card-img wp-post-image\" alt=\"\" decoding=\"async\" loading=\"lazy\" srcset=\"https:\/\/www.ozelnezihapart.com\/kizapart\/wp-content\/uploads\/2018\/09\/dis02-360x240.jpg 360w, https:\/\/www.ozelnezihapart.com\/kizapart\/wp-content\/uploads\/2018\/09\/dis02-300x199.jpg 300w, https:\/\/www.ozelnezihapart.com\/kizapart\/wp-content\/uploads\/2018\/09\/dis02-768x509.jpg 768w, https:\/\/www.ozelnezihapart.com\/kizapart\/wp-content\/uploads\/2018\/09\/dis02-540x358.jpg 540w, https:\/\/www.ozelnezihapart.com\/kizapart\/wp-content\/uploads\/2018\/09\/dis02-272x182.jpg 272w\" sizes=\"(max-width: 360px) 100vw, 360px\" \/>\t\t\t\t\t<div class=\"card-block  portfolio-grid__card-block\">\n\t\t\t\t\t\t<h5 class=\"card-title  portfolio-grid__card-title\">Resimler<\/h5>\n\t\t\t\t\t\t<p class=\"card-text  portfolio-grid__card-text\"><\/p>\n\t\t\t\t\t<\/div>\n\t\t\t\t<\/a>\n\t\t\t<\/div>\n\t\t\t\t\t\t\t\t\t\t\t\t<\/div>\n\t\t\t\t\t\t\t\t<\/div>\n\t\t\t\t\t\t\t<\/div>\n\t\t\t\t\t\t<\/div>\n\t\t\t\t\t<\/div>\n\t\t\t\t\t<\/div><\/div><\/div><\/div><div id=\"pg-11-2\"  class=\"panel-grid panel-no-style\" ><div id=\"pgc-11-2-0\"  class=\"panel-grid-cell\" ><div id=\"panel-11-2-0-0\" class=\"so-panel widget widget_pw_latest_news widget-latest-news panel-first-child panel-last-child\" data-index=\"4\" >\n\t\t\t\t\t\t<div class=\"card  latest-news  latest-news--block\">\n\t\t\t\t\t\t\t\t\t<a href=\"https:\/\/www.ozelnezihapart.com\/kizapart\/?p=1249\" class=\"latest-news__image\">\n\t\t\t\t\t\t<img src=\"https:\/\/www.ozelnezihapart.com\/kizapart\/wp-content\/uploads\/2016\/06\/warning-danger-sign-clip-art_f-1-360x204.jpg\" width=\"360\" height=\"204\" srcset=\"https:\/\/www.ozelnezihapart.com\/kizapart\/wp-content\/uploads\/2016\/06\/warning-danger-sign-clip-art_f-1-360x204.jpg 360w, https:\/\/www.ozelnezihapart.com\/kizapart\/wp-content\/uploads\/2016\/06\/warning-danger-sign-clip-art_f-1.jpg 361w\" sizes=\"(min-width: 992px) 360px, calc(100vw - 30px)\" class=\"card-img-top  wp-post-image\" alt=\"Temizlik G\u00fcnleri\">\n\t\t\t\t\t<\/a>\n\t\t\t\t\n\t\t\t\t<div class=\"card-block  latest-news__content\">\n\t\t\t\t\t<time class=\"latest-news__date\" datetime=\"2023-07-01T16:46:00+03:00\">1 Temmuz 2023<\/time>\n\t\t\t\t\t<h4 class=\"card-title  latest-news__title\"><a href=\"https:\/\/www.ozelnezihapart.com\/kizapart\/?p=1249\">Temizlik G\u00fcnleri<\/a><\/h4>\n\t\t\t\t\t<div class=\"card-text  latest-news__text\">\n\t\t\t\t\tDe\u011ferli misafirlerimiz&nbsp; al\u0131nan yeni karar do\u011frultusunda ortak ya\u015fam alan\u0131 temizlikleri, y\u00f6netimimiz taraf\u0131ndan haftan\u0131n belli g\u00fcnlerinde yapt\u0131r\u0131lacakt\u0131r. Kendinize ait oda temizlikleri sizlere aittir.\t\t\t\t\t<\/div>\n\t\t\t\t<\/div>\n\t\t\t<\/div>\n\t\t\t\t\t\n<\/div><\/div><div id=\"pgc-11-2-1\"  class=\"panel-grid-cell\" ><div id=\"panel-11-2-1-0\" class=\"so-panel widget widget_pw_latest_news widget-latest-news panel-first-child panel-last-child\" data-index=\"5\" >\n\t\t\t\t\t\t<div class=\"card  latest-news  latest-news--block\">\n\t\t\t\t\t\t\t\t\t<a href=\"https:\/\/www.ozelnezihapart.com\/kizapart\/?p=1247\" class=\"latest-news__image\">\n\t\t\t\t\t\t<img src=\"https:\/\/www.ozelnezihapart.com\/kizapart\/wp-content\/uploads\/2016\/06\/duyuru1a-360x204.png\" width=\"360\" height=\"204\" srcset=\"https:\/\/www.ozelnezihapart.com\/kizapart\/wp-content\/uploads\/2016\/06\/duyuru1a-360x204.png 360w, https:\/\/www.ozelnezihapart.com\/kizapart\/wp-content\/uploads\/2016\/06\/duyuru1a.png 361w\" sizes=\"(min-width: 992px) 360px, calc(100vw - 30px)\" class=\"card-img-top  wp-post-image\" alt=\"Kay\u0131t Yenileme\">\n\t\t\t\t\t<\/a>\n\t\t\t\t\n\t\t\t\t<div class=\"card-block  latest-news__content\">\n\t\t\t\t\t<time class=\"latest-news__date\" datetime=\"2023-07-01T16:43:00+03:00\">1 Temmuz 2023<\/time>\n\t\t\t\t\t<h4 class=\"card-title  latest-news__title\"><a href=\"https:\/\/www.ozelnezihapart.com\/kizapart\/?p=1247\">Kay\u0131t Yenileme<\/a><\/h4>\n\t\t\t\t\t<div class=\"card-text  latest-news__text\">\n\t\t\t\t\tKay\u0131t yenileme tarihi 01 Temmuz-01 A\u011fustos tarihleri aras\u0131ndad\u0131r. Kay\u0131t yenilemek isteyen misafirlerimizin bu tarihlerde \u015fahsen apart y\u00f6netimi ile temasa ge\u00e7meleri \u00f6nem ile rica olunur. Bu tarihten sonraki kay\u0131tlar yeni kay\u0131t olarak de\u011ferlendirilecektir.\t\t\t\t\t<\/div>\n\t\t\t\t<\/div>\n\t\t\t<\/div>\n\t\t\t\t\t\n<\/div><\/div><div id=\"pgc-11-2-2\"  class=\"panel-grid-cell\" ><div id=\"panel-11-2-2-0\" class=\"so-panel widget widget_pw_latest_news widget-latest-news panel-first-child panel-last-child\" data-index=\"6\" >\n\t\t\t\t\t\t<div class=\"card  latest-news  latest-news--block\">\n\t\t\t\t\t\t\t\t\t<a href=\"https:\/\/www.ozelnezihapart.com\/kizapart\/?p=1305\" class=\"latest-news__image\">\n\t\t\t\t\t\t<img src=\"https:\/\/www.ozelnezihapart.com\/kizapart\/wp-content\/uploads\/2016\/06\/duyuru1a-360x204.png\" width=\"360\" height=\"204\" srcset=\"https:\/\/www.ozelnezihapart.com\/kizapart\/wp-content\/uploads\/2016\/06\/duyuru1a-360x204.png 360w, https:\/\/www.ozelnezihapart.com\/kizapart\/wp-content\/uploads\/2016\/06\/duyuru1a.png 361w\" sizes=\"(min-width: 992px) 360px, calc(100vw - 30px)\" class=\"card-img-top  wp-post-image\" alt=\"Bayan Apart Yeni D\u00f6nem Kay\u0131tlar\u0131 Ba\u015flam\u0131\u015ft\u0131r\">\n\t\t\t\t\t<\/a>\n\t\t\t\t\n\t\t\t\t<div class=\"card-block  latest-news__content\">\n\t\t\t\t\t<time class=\"latest-news__date\" datetime=\"2023-07-01T16:12:00+03:00\">1 Temmuz 2023<\/time>\n\t\t\t\t\t<h4 class=\"card-title  latest-news__title\"><a href=\"https:\/\/www.ozelnezihapart.com\/kizapart\/?p=1305\">Bayan Apart Yeni D\u00f6nem Kay\u0131tlar\u0131 Ba\u015flam\u0131\u015ft\u0131r<\/a><\/h4>\n\t\t\t\t\t<div class=\"card-text  latest-news__text\">\n\t\t\t\t\tYeni d\u00f6nem bayan ve erkek apart kay\u0131tlar\u0131m\u0131z ba\u015flam\u0131\u015ft\u0131r. \u0130lgilenen misafirlerimizin ileti\u015fim sayfas\u0131nda bulunan se\u00e7enekleri kullanarak bizim ile ileti\u015fime ge\u00e7ebilirler. \u015eimdiden aram\u0131za HO\u015eGELD\u0130N\u0130Z.\t\t\t\t\t<\/div>\n\t\t\t\t<\/div>\n\t\t\t<\/div>\n\t\t\t\t\t\n<\/div><\/div><\/div><div id=\"pg-11-3\"  class=\"panel-grid panel-has-style\" ><div class=\"siteorigin-panels-stretch panel-row-style panel-row-style-for-11-3\" data-stretch-type=\"full\" ><div id=\"pgc-11-3-0\"  class=\"panel-grid-cell panel-grid-cell-empty\" ><\/div><div id=\"pgc-11-3-1\"  class=\"panel-grid-cell panel-grid-cell-mobile-last\" ><div id=\"panel-11-3-1-0\" class=\"so-panel widget widget_sow-editor panel-first-child panel-last-child\" data-index=\"7\" ><div\n\t\t\t\n\t\t\tclass=\"so-widget-sow-editor so-widget-sow-editor-base\"\n\t\t\t\n\t\t>\n<div class=\"siteorigin-widget-tinymce textwidget\">\n\t<h3 style=\"text-align: center; font-size: 2.5rem; margin-bottom: 1.5rem;\">S\u00f6z\u00fcm\u00fcz ve De\u011ferlerimiz<\/h3>\n<p style=\"text-align: center;\"><span style=\"color: #333333;\">Eski\u015fehir miz, farkl\u0131l\u0131\u011f\u0131 ve sosyalli\u011fi bak\u0131m\u0131ndan bir \u00e7ok \u015fehri arkas\u0131nda b\u0131rak\u0131rken, bizde bu \u015fehre ve misafirlerine gere\u011finden fazla de\u011feri kaliteyi ve hizmeti sunarak\u00a0de\u011ferine de\u011fer katmaya \u00e7al\u0131\u015f\u0131yoruz. Bize bu f\u0131rsat\u0131 veren b\u00fct\u00fcn misafirlerimize te\u015fekk\u00fcr ederiz.<\/span><\/p>\n<p style=\"text-align: center;\">\n<p style=\"text-align: center; margin-bottom: 0;\">\n<\/div>\n<\/div><\/div><\/div><div id=\"pgc-11-3-2\"  class=\"panel-grid-cell panel-grid-cell-empty\" ><\/div><\/div><\/div><div id=\"pg-11-4\"  class=\"panel-grid panel-has-style\" ><div class=\"siteorigin-panels-stretch panel-row-style panel-row-style-for-11-4\" data-stretch-type=\"full\" ><div id=\"pgc-11-4-0\"  class=\"panel-grid-cell\" ><div id=\"panel-11-4-0-0\" class=\"so-panel widget widget_pw_testimonials widget-testimonials panel-first-child panel-last-child\" data-index=\"8\" >\n\t<h3 class=\"widget-title\"><span class=\"widget-title__inline\">Y\u00f6netim<\/span><\/h3>\n\t<div class=\"testimonial__container\">\n\t\t<div id=\"carousel-testimonials-widget-4-0-0\" class=\"carousel  slide  testimonial\" data-ride=\"carousel\" data-interval=\"false\">\n\t\t\t<!-- Wrapper for slides -->\n\t\t\t<div class=\"carousel-inner\" role=\"listbox\">\n\t\t\t\t<div class=\"carousel-item active\">\n\t\t\t\t\t<div class=\"row\">\n\t\t\t\t\t\t\t\t\t\t\t\t\t\t\t\t\t\t\t\t<div class=\"col-xs-12  col-sm-12\">\n\t\t\t\t\t\t\t\t<blockquote>\n\t\t\t\t\t\t\t\t\t\t\t\t\t\t\t\t\t\t\t<div class=\"testimonial__author-avatar\">\n\t\t\t\t\t\t\t\t\t\t\t<img src=\"http:\/\/www.nezihapart.com\/kizapart\/wp-content\/uploads\/2016\/07\/erkekyonetici.png\" alt=\"\">\n\t\t\t\t\t\t\t\t\t\t<\/div>\n\t\t\t\t\t\t\t\t\t\t\t\t\t\t\t\t\t\t<div class=\"testimonial__author\">\n\t\t\t\t\t\t\t\t\t\t<cite class=\"testimonial__author-name\">\n\t\t\t\t\t\t\t\t\t\tBayram Ali \u00d6zkaynak\t\t\t\t\t\t\t\t\t\t<\/cite>\n\t\t\t\t\t\t\t\t\t\t\t\t\t\t\t\t\t\t\t\t\t<div class=\"testimonial__author-description\">\n\t\t\t\t\t\t\t\t\t\t\t\tNezih Apartlar M\u00fcd\u00fcr\u00fc\t\t\t\t\t\t\t\t\t\t\t<\/div>\n\t\t\t\t\t\t\t\t\t\t\t\t\t\t\t\t\t\t\t<\/div>\n\t\t\t\t\t\t\t\t\t<p class=\"testimonial__quote\">\n\t\t\t\t\t\t\t\t\t\tKalitenin \u00f6nc\u00fcs\u00fc Nezih Apartlar\u0131n\u0131, TSE standartlar\u0131n\u0131n \u00fczerinde g\u00fcvenli ve huzurlu ya\u015fam kalitesini kazand\u0131rmak g\u00f6rev misyonumdur. Amac\u0131m\u0131z misafirlerimizi en g\u00fczel \u015fekilde a\u011f\u0131rlamak, bize duyduklar\u0131 g\u00fcvene lay\u0131k olmakt\u0131r.\t\t\t\t\t\t\t\t\t<\/p>\n\t\t\t\t\t\t\t\t<\/blockquote>\n\t\t\t\t\t\t\t<\/div>\n\t\t\t\t\t\t\t\t\t\t\t\t\t<\/div><\/div> <div class=\"carousel-item\"><div class=\"row\">\t\t\t\t\t\t\t<div class=\"col-xs-12  col-sm-12\">\n\t\t\t\t\t\t\t\t<blockquote>\n\t\t\t\t\t\t\t\t\t\t\t\t\t\t\t\t\t\t\t<div class=\"testimonial__author-avatar\">\n\t\t\t\t\t\t\t\t\t\t\t<img src=\"http:\/\/www.nezihapart.com\/kizapart\/wp-content\/uploads\/2016\/07\/kizapartyon.png\" alt=\"\">\n\t\t\t\t\t\t\t\t\t\t<\/div>\n\t\t\t\t\t\t\t\t\t\t\t\t\t\t\t\t\t\t<div class=\"testimonial__author\">\n\t\t\t\t\t\t\t\t\t\t<cite class=\"testimonial__author-name\">\n\t\t\t\t\t\t\t\t\t\tSelda Zengin\t\t\t\t\t\t\t\t\t\t<\/cite>\n\t\t\t\t\t\t\t\t\t\t\t\t\t\t\t\t\t\t\t\t\t<div class=\"testimonial__author-description\">\n\t\t\t\t\t\t\t\t\t\t\t\tNezih K\u0131z Part M\u00fcd\u00fcr\u00fc\t\t\t\t\t\t\t\t\t\t\t<\/div>\n\t\t\t\t\t\t\t\t\t\t\t\t\t\t\t\t\t\t\t<\/div>\n\t\t\t\t\t\t\t\t\t<p class=\"testimonial__quote\">\n\t\t\t\t\t\t\t\t\t\tK\u0131z apart y\u00f6netimi olarak bize duyulan g\u00fcveni verdi\u011fimiz kaliteli hizmet ile ta\u00e7land\u0131rmakt\u0131r. Her misafirimizin konaklama sorunlar\u0131 ile ilgilenmek onlara huzurlu ve g\u00fcvenli bir ortam sa\u011flamakt\u0131r.\t\t\t\t\t\t\t\t\t<\/p>\n\t\t\t\t\t\t\t\t<\/blockquote>\n\t\t\t\t\t\t\t<\/div>\n\t\t\t\t\t\t\t\t\t\t\t<\/div>\n\t\t\t\t<\/div>\n\t\t\t<\/div>\n\t\t<\/div>\n\t\t\t\t\t<a class=\"testimonial__carousel  testimonial__carousel--left\" href=\"#carousel-testimonials-widget-4-0-0\" data-slide=\"prev\"><i class=\"fa  fa-caret-left\" aria-hidden=\"true\"><\/i><span class=\"sr-only\" role=\"button\">Sonraki<\/span><\/a>\n\t\t\t<a class=\"testimonial__carousel  testimonial__carousel--right\" href=\"#carousel-testimonials-widget-4-0-0\" data-slide=\"next\"><i class=\"fa  fa-caret-right\" aria-hidden=\"true\"><\/i><span class=\"sr-only\" role=\"button\">\u00d6nceki<\/span><\/a>\n\t\t\t<\/div>\n\n<\/div><\/div><\/div><\/div><div id=\"pg-11-5\"  class=\"panel-grid panel-no-style\" ><div id=\"pgc-11-5-0\"  class=\"panel-grid-cell\" ><div id=\"panel-11-5-0-0\" class=\"so-panel widget widget_text panel-first-child panel-last-child\" data-index=\"9\" ><h3 class=\"widget-title\"><span class=\"widget-title__inline\">\u0130\u015f Ortaklar\u0131m\u0131z<\/span><\/h3>\t\t\t<div class=\"textwidget\"><div class=\"logo-panel\">\n<div class=\"row\">\n<div class=\"col-xs-12 col-sm-4 col-lg-2\"><a href=\"http:\/\/www.unacbilisim.com\"><img decoding=\"async\" src=\"http:\/\/www.nezihapart.com\/kizapart\/wp-content\/uploads\/2016\/06\/logo-r.png\" alt=\"Client logo\" \/><\/a><\/div>\n<div class=\"col-xs-12 col-sm-4 col-lg-2\"><img decoding=\"async\" src=\"http:\/\/www.nezihapart.com\/kizapart\/wp-content\/uploads\/2017\/07\/LOGOT.png\" alt=\"Client logo\" \/><\/div>\n<div class=\"col-xs-12 col-sm-4 col-lg-2\"><img decoding=\"async\" src=\"http:\/\/www.nezihapart.com\/kizapart\/wp-content\/uploads\/2017\/07\/erlogo.jpg\" alt=\"Client logo\" \/><\/div>\n<div class=\"col-xs-12 col-sm-4 col-lg-2\"><img decoding=\"async\" src=\"http:\/\/www.nezihapart.com\/kizapart\/wp-content\/uploads\/2017\/07\/sherlogo.jpg\" alt=\"Client logo\" \/><\/div>\n<div class=\"col-xs-12 col-sm-4 col-lg-2\"><img decoding=\"async\" src=\"http:\/\/www.nezihapart.com\/kizapart\/wp-content\/uploads\/2017\/07\/bbeton.png\" alt=\"Client logo\" \/><\/div>\n<div class=\"col-xs-12 col-sm-4 col-lg-2\"><\/div>\n<\/div>\n<\/div>\n<\/div>\n\t\t<\/div><\/div><\/div><div id=\"pg-11-6\"  class=\"panel-grid panel-no-style\" ><div id=\"pgc-11-6-0\"  class=\"panel-grid-cell panel-grid-cell-empty\" ><\/div><\/div><\/div>","protected":false},"excerpt":{"rendered":"<p>S\u00f6z\u00fcm\u00fcz ve De\u011ferlerimiz Eski\u015fehir miz, farkl\u0131l\u0131\u011f\u0131 ve sosyalli\u011fi bak\u0131m\u0131ndan bir \u00e7ok \u015fehri arkas\u0131nda b\u0131rak\u0131rken, bizde bu \u015fehre ve misafirlerine gere\u011finden fazla de\u011feri kaliteyi ve hizmeti sunarak\u00a0de\u011ferine de\u011fer katmaya \u00e7al\u0131\u015f\u0131yoruz. Bize bu f\u0131rsat\u0131 veren b\u00fct\u00fcn misafirlerimize te\u015fekk\u00fcr ederiz. \u0130\u015f Ortaklar\u0131m\u0131z<\/p>\n","protected":false},"author":1,"featured_media":0,"parent":0,"menu_order":0,"comment_status":"closed","ping_status":"closed","template":"template-front-page-slider.php","meta":[],"acf":[],"_links":{"self":[{"href":"https:\/\/www.ozelnezihapart.com\/kizapart\/index.php?rest_route=\/wp\/v2\/pages\/11"}],"collection":[{"href":"https:\/\/www.ozelnezihapart.com\/kizapart\/index.php?rest_route=\/wp\/v2\/pages"}],"about":[{"href":"https:\/\/www.ozelnezihapart.com\/kizapart\/index.php?rest_route=\/wp\/v2\/types\/page"}],"author":[{"embeddable":true,"href":"https:\/\/www.ozelnezihapart.com\/kizapart\/index.php?rest_route=\/wp\/v2\/users\/1"}],"replies":[{"embeddable":true,"href":"https:\/\/www.ozelnezihapart.com\/kizapart\/index.php?rest_route=%2Fwp%2Fv2%2Fcomments&post=11"}],"version-history":[{"count":74,"href":"https:\/\/www.ozelnezihapart.com\/kizapart\/index.php?rest_route=\/wp\/v2\/pages\/11\/revisions"}],"predecessor-version":[{"id":1536,"href":"https:\/\/www.ozelnezihapart.com\/kizapart\/index.php?rest_route=\/wp\/v2\/pages\/11\/revisions\/1536"}],"wp:attachment":[{"href":"https:\/\/www.ozelnezihapart.com\/kizapart\/index.php?rest_route=%2Fwp%2Fv2%2Fmedia&parent=11"}],"curies":[{"name":"wp","href":"https:\/\/api.w.org\/{rel}","templated":true}]}}