{"id":55,"date":"2015-10-27T14:32:41","date_gmt":"2015-10-27T14:32:41","guid":{"rendered":"http:\/\/xml-io.proteusthemes.com\/structurepress\/shop\/"},"modified":"2025-09-02T21:49:38","modified_gmt":"2025-09-02T18:49:38","slug":"odalar","status":"publish","type":"page","link":"https:\/\/www.ozelnezihapart.com\/erkekapart\/?page_id=55","title":{"rendered":"Odalar\u0131m\u0131z"},"content":{"rendered":"<div id=\"pl-55\"  class=\"panel-layout\" ><div id=\"pg-55-0\"  class=\"panel-grid panel-no-style\" ><div id=\"pgc-55-0-0\"  class=\"panel-grid-cell\" ><div id=\"panel-55-0-0-0\" class=\"so-panel widget widget_pw_portfolio_grid widget-portfolio-grid panel-first-child panel-last-child\" data-index=\"0\" >\t\t\t\t\t<div class=\"portfolio-grid  portfolio-grid--grid\" data-type=\"grid\">\n\t\t\t\t\t\t\t\t\t<nav class=\"portfolio-grid__header\">\n\t\t\t\t\t\n\t\t\t\t\t<a href=\"#\" class=\"portfolio-grid__mobile-filter  js-filter  btn  btn-primary  btn-sm  hidden-lg-up\">\n\t\t\t\t\t\t<span class=\"fa  fa-filter\"><\/span> &nbsp;\n\t\t\t\t\t\tFILTER\t\t\t\t\t<\/a>\n\n\t\t\t\t\t<ul class=\"portfolio-grid__nav  js-wpg-nav-holder\">\n\t\t\t\t\t\t<li class=\"portfolio-grid__nav-item  is-active\">\n\t\t\t\t\t\t\t<a href=\"#widget-0-0-0-all\" data-category=\"*\" class=\"portfolio-grid__nav-link  js-wpg-nav\">B\u00fct\u00fcn Odalar<\/a>\n\t\t\t\t\t\t<\/li>\n\t\t\t\t\t\t\t\t\t\t\t\t\t<li class=\"portfolio-grid__nav-item\">\n\t\t\t\t\t\t\t\t<a href=\"#widget-0-0-0-apart-odalari\" data-category=\"odalar\" class=\"portfolio-grid__nav-link  js-wpg-nav\">Apart Odalar\u0131<\/a>\n\t\t\t\t\t\t\t<\/li>\n\t\t\t\t\t\t\t\t\t\t\t\t\t<li class=\"portfolio-grid__nav-item\">\n\t\t\t\t\t\t\t\t<a href=\"#widget-0-0-0-apart-binasi\" data-category=\"bina_ici\" class=\"portfolio-grid__nav-link  js-wpg-nav\">Apart Binas\u0131<\/a>\n\t\t\t\t\t\t\t<\/li>\n\t\t\t\t\t\t\t\t\t\t\t<\/ul>\n\t\t\t\t<\/nav>\n\n\t\t\t\t\t\t\t\t\t<div class=\"js-wpg-items\">\n\t\t\t\t\t\t\t<div class=\"row\">\n\t\t\t\t\t\t\t\t\t\t<div class=\"col-xs-12  col-sm-6  col-lg-3  js-wpg-item\" data-categories=\"odalar\">\n\t\t\t\t<a class=\"card  portfolio-grid__card  js-wpg-card\" href=\"https:\/\/www.ozelnezihapart.com\/erkekapart\/?portfolio=tekkisi\">\n\t\t\t\t\t<img loading=\"lazy\" decoding=\"async\" width=\"360\" height=\"240\" src=\"https:\/\/www.ozelnezihapart.com\/erkekapart\/wp-content\/uploads\/2018\/09\/tek01-360x240.jpg\" class=\"card-img-top  portfolio-grid__card-img wp-post-image\" alt=\"\" srcset=\"https:\/\/www.ozelnezihapart.com\/erkekapart\/wp-content\/uploads\/2018\/09\/tek01-360x240.jpg 360w, https:\/\/www.ozelnezihapart.com\/erkekapart\/wp-content\/uploads\/2018\/09\/tek01-272x182.jpg 272w\" sizes=\"auto, (max-width: 360px) 100vw, 360px\" \/>\t\t\t\t\t<div class=\"card-block  portfolio-grid__card-block\">\n\t\t\t\t\t\t<h5 class=\"card-title  portfolio-grid__card-title\">Tek Ki\u015filik Oda<\/h5>\n\t\t\t\t\t\t<p class=\"card-text  portfolio-grid__card-text\"><\/p>\n\t\t\t\t\t<\/div>\n\t\t\t\t<\/a>\n\t\t\t<\/div>\n\t\t\t\t\t\t<div class=\"col-xs-12  col-sm-6  col-lg-3  js-wpg-item\" data-categories=\"odalar\">\n\t\t\t\t<a class=\"card  portfolio-grid__card  js-wpg-card\" href=\"https:\/\/www.ozelnezihapart.com\/erkekapart\/?portfolio=uckisi\">\n\t\t\t\t\t<img loading=\"lazy\" decoding=\"async\" width=\"360\" height=\"240\" src=\"https:\/\/www.ozelnezihapart.com\/erkekapart\/wp-content\/uploads\/2018\/09\/uc01-360x240.jpg\" class=\"card-img-top  portfolio-grid__card-img wp-post-image\" alt=\"\" srcset=\"https:\/\/www.ozelnezihapart.com\/erkekapart\/wp-content\/uploads\/2018\/09\/uc01-360x240.jpg 360w, https:\/\/www.ozelnezihapart.com\/erkekapart\/wp-content\/uploads\/2018\/09\/uc01-300x199.jpg 300w, https:\/\/www.ozelnezihapart.com\/erkekapart\/wp-content\/uploads\/2018\/09\/uc01-768x509.jpg 768w, https:\/\/www.ozelnezihapart.com\/erkekapart\/wp-content\/uploads\/2018\/09\/uc01-540x358.jpg 540w, https:\/\/www.ozelnezihapart.com\/erkekapart\/wp-content\/uploads\/2018\/09\/uc01-272x182.jpg 272w\" sizes=\"auto, (max-width: 360px) 100vw, 360px\" \/>\t\t\t\t\t<div class=\"card-block  portfolio-grid__card-block\">\n\t\t\t\t\t\t<h5 class=\"card-title  portfolio-grid__card-title\">\u00dc\u00e7 Ki\u015filik Oda<\/h5>\n\t\t\t\t\t\t<p class=\"card-text  portfolio-grid__card-text\"><\/p>\n\t\t\t\t\t<\/div>\n\t\t\t\t<\/a>\n\t\t\t<\/div>\n\t\t\t\t\t\t<div class=\"col-xs-12  col-sm-6  col-lg-3  js-wpg-item\" data-categories=\"odalar\">\n\t\t\t\t<a class=\"card  portfolio-grid__card  js-wpg-card\" href=\"https:\/\/www.ozelnezihapart.com\/erkekapart\/?portfolio=cift_kislik_oda\">\n\t\t\t\t\t<img loading=\"lazy\" decoding=\"async\" width=\"360\" height=\"240\" src=\"https:\/\/www.ozelnezihapart.com\/erkekapart\/wp-content\/uploads\/2018\/09\/cift01-360x240.jpg\" class=\"card-img-top  portfolio-grid__card-img wp-post-image\" alt=\"\" srcset=\"https:\/\/www.ozelnezihapart.com\/erkekapart\/wp-content\/uploads\/2018\/09\/cift01-360x240.jpg 360w, https:\/\/www.ozelnezihapart.com\/erkekapart\/wp-content\/uploads\/2018\/09\/cift01-300x199.jpg 300w, https:\/\/www.ozelnezihapart.com\/erkekapart\/wp-content\/uploads\/2018\/09\/cift01-768x509.jpg 768w, https:\/\/www.ozelnezihapart.com\/erkekapart\/wp-content\/uploads\/2018\/09\/cift01-540x358.jpg 540w, https:\/\/www.ozelnezihapart.com\/erkekapart\/wp-content\/uploads\/2018\/09\/cift01-272x182.jpg 272w\" sizes=\"auto, (max-width: 360px) 100vw, 360px\" \/>\t\t\t\t\t<div class=\"card-block  portfolio-grid__card-block\">\n\t\t\t\t\t\t<h5 class=\"card-title  portfolio-grid__card-title\">\u00c7ift Ki\u015filik Oda<\/h5>\n\t\t\t\t\t\t<p class=\"card-text  portfolio-grid__card-text\"><\/p>\n\t\t\t\t\t<\/div>\n\t\t\t\t<\/a>\n\t\t\t<\/div>\n\t\t\t\t\t\t<div class=\"col-xs-12  col-sm-6  col-lg-3  js-wpg-item\" data-categories=\"bina_ici\">\n\t\t\t\t<a class=\"card  portfolio-grid__card  js-wpg-card\" href=\"https:\/\/www.ozelnezihapart.com\/erkekapart\/?portfolio=resimler\">\n\t\t\t\t\t<img loading=\"lazy\" decoding=\"async\" width=\"360\" height=\"240\" src=\"https:\/\/www.ozelnezihapart.com\/erkekapart\/wp-content\/uploads\/2018\/09\/dis02-360x240.jpg\" class=\"card-img-top  portfolio-grid__card-img wp-post-image\" alt=\"\" srcset=\"https:\/\/www.ozelnezihapart.com\/erkekapart\/wp-content\/uploads\/2018\/09\/dis02-360x240.jpg 360w, https:\/\/www.ozelnezihapart.com\/erkekapart\/wp-content\/uploads\/2018\/09\/dis02-300x199.jpg 300w, https:\/\/www.ozelnezihapart.com\/erkekapart\/wp-content\/uploads\/2018\/09\/dis02-768x509.jpg 768w, https:\/\/www.ozelnezihapart.com\/erkekapart\/wp-content\/uploads\/2018\/09\/dis02-540x358.jpg 540w, https:\/\/www.ozelnezihapart.com\/erkekapart\/wp-content\/uploads\/2018\/09\/dis02-272x182.jpg 272w\" sizes=\"auto, (max-width: 360px) 100vw, 360px\" \/>\t\t\t\t\t<div class=\"card-block  portfolio-grid__card-block\">\n\t\t\t\t\t\t<h5 class=\"card-title  portfolio-grid__card-title\">Resimler<\/h5>\n\t\t\t\t\t\t<p class=\"card-text  portfolio-grid__card-text\"><\/p>\n\t\t\t\t\t<\/div>\n\t\t\t\t<\/a>\n\t\t\t<\/div>\n\t\t\t\t\t\t\t\t\t\t<\/div>\n\t\t\t\t\t\t<\/div>\n\t\t\t\t\t<\/div>\n\t\t\t\t\t<\/div><\/div><\/div><\/div>","protected":false},"excerpt":{"rendered":"<p>&nbsp; FILTER B\u00fct\u00fcn Odalar Apart Odalar\u0131 Apart Binas\u0131 Tek Ki\u015filik Oda \u00dc\u00e7 Ki\u015filik Oda \u00c7ift Ki\u015filik Oda Resimler<\/p>\n","protected":false},"author":1,"featured_media":0,"parent":0,"menu_order":0,"comment_status":"closed","ping_status":"closed","template":"","meta":{"_acf_changed":false,"footnotes":""},"class_list":["post-55","page","type-page","status-publish","hentry"],"acf":[],"_links":{"self":[{"href":"https:\/\/www.ozelnezihapart.com\/erkekapart\/index.php?rest_route=\/wp\/v2\/pages\/55","targetHints":{"allow":["GET"]}}],"collection":[{"href":"https:\/\/www.ozelnezihapart.com\/erkekapart\/index.php?rest_route=\/wp\/v2\/pages"}],"about":[{"href":"https:\/\/www.ozelnezihapart.com\/erkekapart\/index.php?rest_route=\/wp\/v2\/types\/page"}],"author":[{"embeddable":true,"href":"https:\/\/www.ozelnezihapart.com\/erkekapart\/index.php?rest_route=\/wp\/v2\/users\/1"}],"replies":[{"embeddable":true,"href":"https:\/\/www.ozelnezihapart.com\/erkekapart\/index.php?rest_route=%2Fwp%2Fv2%2Fcomments&post=55"}],"version-history":[{"count":7,"href":"https:\/\/www.ozelnezihapart.com\/erkekapart\/index.php?rest_route=\/wp\/v2\/pages\/55\/revisions"}],"predecessor-version":[{"id":1630,"href":"https:\/\/www.ozelnezihapart.com\/erkekapart\/index.php?rest_route=\/wp\/v2\/pages\/55\/revisions\/1630"}],"wp:attachment":[{"href":"https:\/\/www.ozelnezihapart.com\/erkekapart\/index.php?rest_route=%2Fwp%2Fv2%2Fmedia&parent=55"}],"curies":[{"name":"wp","href":"https:\/\/api.w.org\/{rel}","templated":true}]}}