{"id":484,"date":"2015-11-13T13:01:20","date_gmt":"2015-11-13T13:01:20","guid":{"rendered":"http:\/\/xml-io.proteusthemes.com\/structurepress\/?page_id=484"},"modified":"2025-10-16T12:18:16","modified_gmt":"2025-10-16T09:18:16","slug":"nasilulasirim","status":"publish","type":"page","link":"https:\/\/www.ozelnezihapart.com\/erkekapart\/?page_id=484","title":{"rendered":"Nas\u0131l Ula\u015f\u0131r\u0131m ?"},"content":{"rendered":"<div id=\"pl-484\"  class=\"panel-layout\" ><div id=\"pg-484-0\"  class=\"panel-grid panel-no-style\" ><div id=\"pgc-484-0-0\"  class=\"panel-grid-cell\" ><div id=\"panel-484-0-0-0\" class=\"so-panel widget widget_sow-editor panel-first-child panel-last-child\" data-index=\"0\" ><div\n\t\t\t\n\t\t\tclass=\"so-widget-sow-editor so-widget-sow-editor-base\"\n\t\t\t\n\t\t>\n<div class=\"siteorigin-widget-tinymce textwidget\">\n\t<p>\u00d6zel Nezih Apart Eski\u015fehir Osmangazi \u00dcniversitesi KYK yurdu kar\u015f\u0131s\u0131nda bulunmaktad\u0131r. Apart yerle\u015fim alan\u0131 gerek g\u00fcvenlik gerekse ula\u015f\u0131m imkanlar\u0131 ve sosyal alanlara yak\u0131nl\u0131\u011f\u0131 ile nezih bir yerdedir.<\/p>\n<p><a href=\"https:\/\/www.ozelnezihapart.com\/erkekapart\/wp-content\/uploads\/2025\/10\/harita-298x300-1.jpg\" target=\"_blank\" rel=\"https:\/\/www.google.com.tr\/maps\/place\/B%C3%BCy%C3%BCkdere,+Dalg%C4%B1%C3%A7+Sk.+No:25,+26040+Odunpazar%C4%B1%2FEski%C5%9Fehir\/@39.7498824,30.4982551,19z\/data=!4m6!3m5!1s0x14cc164c1d66617b:0x97970c28249d152d!8m2!3d39.7499365!4d30.498293!16s%2Fg%2F11kgpzwl3d?entry=ttu&amp;g_ep=EgoyMDI1MTAxMy4wIKXMDSoASAFQAw%3D%3D noopener\"><img loading=\"lazy\" decoding=\"async\" class=\"alignnone wp-image-1655 size-full\" src=\"https:\/\/www.ozelnezihapart.com\/erkekapart\/wp-content\/uploads\/2025\/10\/harita-298x300-1.jpg\" alt=\"\" width=\"298\" height=\"300\" srcset=\"https:\/\/www.ozelnezihapart.com\/erkekapart\/wp-content\/uploads\/2025\/10\/harita-298x300-1.jpg 298w, https:\/\/www.ozelnezihapart.com\/erkekapart\/wp-content\/uploads\/2025\/10\/harita-298x300-1-150x150.jpg 150w\" sizes=\"auto, (max-width: 298px) 100vw, 298px\" \/><\/a><\/p>\n<p>Adres\u00a0 \u00a0 \u00a0 \u00a0 \u00a0: B\u00fcy\u00fckdere Mh.Dalg\u0131\u00e7 Sk. No:25 ESK\u0130\u015eEH\u0130R<br \/>\nTelefon\u00a0 \u00a0 \u00a0 :+90-222-229-29-59 +90-505-321-00-65<br \/>\nWhatsapp :+90-532-762-00-39<br \/>\nemail\u00a0 \u00a0 \u00a0 \u00a0 : ozelnezihapart@gmail.com<\/p>\n<a class=\"btn  btn-primary\" href=\"https:\/\/www.google.com.tr\/maps\/place\/B%C3%BCy%C3%BCkdere,+Dalg%C4%B1%C3%A7+Sk.+No:25,+26040+Odunpazar%C4%B1%2FEski%C5%9Fehir\/@39.7498824,30.4982551,19z\/data=!4m6!3m5!1s0x14cc164c1d66617b:0x97970c28249d152d!8m2!3d39.7499365!4d30.498293!16s%2Fg%2F11kgpzwl3d?entry=ttu&#038;g_ep=EgoyMDI1MTAxMy4wIKXMDSoASAFQAw%3D%3D\" target=\"_blank\">  YOL TAR\u0130F\u0130 <\/a>\n<\/div>\n<\/div><\/div><\/div><\/div><\/div>","protected":false},"excerpt":{"rendered":"<p>\u00d6zel Nezih Apart Eski\u015fehir Osmangazi \u00dcniversitesi KYK yurdu kar\u015f\u0131s\u0131nda bulunmaktad\u0131r. Apart yerle\u015fim alan\u0131 gerek g\u00fcvenlik gerekse ula\u015f\u0131m imkanlar\u0131 ve sosyal alanlara yak\u0131nl\u0131\u011f\u0131 ile nezih bir yerdedir. Adres\u00a0 \u00a0 \u00a0 \u00a0 \u00a0: B\u00fcy\u00fckdere Mh.Dalg\u0131\u00e7 Sk. No:25 ESK\u0130\u015eEH\u0130R Telefon\u00a0 \u00a0 \u00a0 :+90-222-229-29-59 +90-505-321-00-65 Whatsapp :+90-532-762-00-39 email\u00a0 \u00a0 \u00a0 \u00a0 : ozelnezihapart@gmail.com<\/p>\n","protected":false},"author":1,"featured_media":981,"parent":43,"menu_order":0,"comment_status":"closed","ping_status":"closed","template":"","meta":{"_acf_changed":false,"footnotes":""},"class_list":["post-484","page","type-page","status-publish","has-post-thumbnail","hentry"],"acf":[],"_links":{"self":[{"href":"https:\/\/www.ozelnezihapart.com\/erkekapart\/index.php?rest_route=\/wp\/v2\/pages\/484","targetHints":{"allow":["GET"]}}],"collection":[{"href":"https:\/\/www.ozelnezihapart.com\/erkekapart\/index.php?rest_route=\/wp\/v2\/pages"}],"about":[{"href":"https:\/\/www.ozelnezihapart.com\/erkekapart\/index.php?rest_route=\/wp\/v2\/types\/page"}],"author":[{"embeddable":true,"href":"https:\/\/www.ozelnezihapart.com\/erkekapart\/index.php?rest_route=\/wp\/v2\/users\/1"}],"replies":[{"embeddable":true,"href":"https:\/\/www.ozelnezihapart.com\/erkekapart\/index.php?rest_route=%2Fwp%2Fv2%2Fcomments&post=484"}],"version-history":[{"count":30,"href":"https:\/\/www.ozelnezihapart.com\/erkekapart\/index.php?rest_route=\/wp\/v2\/pages\/484\/revisions"}],"predecessor-version":[{"id":1664,"href":"https:\/\/www.ozelnezihapart.com\/erkekapart\/index.php?rest_route=\/wp\/v2\/pages\/484\/revisions\/1664"}],"up":[{"embeddable":true,"href":"https:\/\/www.ozelnezihapart.com\/erkekapart\/index.php?rest_route=\/wp\/v2\/pages\/43"}],"wp:featuredmedia":[{"embeddable":true,"href":"https:\/\/www.ozelnezihapart.com\/erkekapart\/index.php?rest_route=\/wp\/v2\/media\/981"}],"wp:attachment":[{"href":"https:\/\/www.ozelnezihapart.com\/erkekapart\/index.php?rest_route=%2Fwp%2Fv2%2Fmedia&parent=484"}],"curies":[{"name":"wp","href":"https:\/\/api.w.org\/{rel}","templated":true}]}}