{"id":43,"date":"2015-10-22T05:52:08","date_gmt":"2015-10-22T05:52:08","guid":{"rendered":"http:\/\/xml-io.proteusthemes.com\/structurepress\/?page_id=43"},"modified":"2016-06-29T10:38:16","modified_gmt":"2016-06-29T07:38:16","slug":"hizmetler","status":"publish","type":"page","link":"https:\/\/www.ozelnezihapart.com\/erkekapart\/","title":{"rendered":"Hizmetler"},"content":{"rendered":"<div id=\"pl-43\"  class=\"panel-layout\" ><div id=\"pg-43-0\"  class=\"panel-grid panel-no-style\" ><div id=\"pgc-43-0-0\"  class=\"panel-grid-cell\" ><div id=\"panel-43-0-0-0\" class=\"so-panel widget widget_pw_featured_page widget-featured-page panel-first-child panel-last-child\" data-index=\"0\" >\n\t<div class=\"page-box  page-box--block\">\n\t\t\t\t\t<a class=\"page-box__picture\" href=\"https:\/\/www.ozelnezihapart.com\/erkekapart\/?page_id=969\">\n\t\t\t\t<img loading=\"lazy\" decoding=\"async\" src=\"https:\/\/www.ozelnezihapart.com\/erkekapart\/wp-content\/uploads\/2016\/06\/resepsiyon.jpg\" width=\"360\" height=\"240\" srcset=\"https:\/\/www.ozelnezihapart.com\/erkekapart\/wp-content\/uploads\/2016\/06\/resepsiyon.jpg 360w, https:\/\/www.ozelnezihapart.com\/erkekapart\/wp-content\/uploads\/2016\/06\/resepsiyon.jpg 360w\" sizes=\"auto, (min-width: 992px) 360px, calc(100vw - 30px)\" class=\"wp-post-image\" alt=\"Apart Bilgisi\">\n\t\t\t<\/a>\n\t\t\t\t<div class=\"page-box__content\">\n\t\t\t<h4 class=\"page-box__title\"><a href=\"https:\/\/www.ozelnezihapart.com\/erkekapart\/?page_id=969\">Apart Bilgisi<\/a><\/h4>\n\t\t\t<p class=\"page-box__text\">Apartlar\u0131m\u0131z; Milli E\u011fitim Bakanl\u0131\u011f\u0131 sertifikal\u0131 ve onayl\u0131 ,g\u00fcvenlik, hijyen ve i\u015fletme durumu itibariyle A kalite bir yap\u0131dad\u0131r. Apart\u0131m\u0131z\u0131n bulundu\u011fu semt g\u00fcvenli ve sayg\u0131n bir \u00e7evreye &hellip;<\/p>\n\t\t\t\t\t\t\t<a href=\"https:\/\/www.ozelnezihapart.com\/erkekapart\/?page_id=969\" class=\"page-box__more-link\">Devam\u0131<\/a>\n\t\t\t\t\t<\/div>\n\t<\/div>\n\n<\/div><\/div><div id=\"pgc-43-0-1\"  class=\"panel-grid-cell\" ><div id=\"panel-43-0-1-0\" class=\"so-panel widget widget_pw_featured_page widget-featured-page panel-first-child panel-last-child\" data-index=\"1\" >\n\t<div class=\"page-box  page-box--block\">\n\t\t\t\t\t<a class=\"page-box__picture\" href=\"https:\/\/www.ozelnezihapart.com\/erkekapart\/?page_id=473\">\n\t\t\t\t<img loading=\"lazy\" decoding=\"async\" src=\"https:\/\/www.ozelnezihapart.com\/erkekapart\/wp-content\/uploads\/2015\/11\/360x240.jpg\" width=\"360\" height=\"240\" srcset=\"https:\/\/www.ozelnezihapart.com\/erkekapart\/wp-content\/uploads\/2015\/11\/360x240.jpg 360w, https:\/\/www.ozelnezihapart.com\/erkekapart\/wp-content\/uploads\/2015\/11\/360x240.jpg 360w\" sizes=\"auto, (min-width: 992px) 360px, calc(100vw - 30px)\" class=\"wp-post-image\" alt=\"Nereye Yak\u0131n?\">\n\t\t\t<\/a>\n\t\t\t\t<div class=\"page-box__content\">\n\t\t\t<h4 class=\"page-box__title\"><a href=\"https:\/\/www.ozelnezihapart.com\/erkekapart\/?page_id=473\">Nereye Yak\u0131n?<\/a><\/h4>\n\t\t\t<p class=\"page-box__text\">Nereye Ne Kadar Uzak ;\nOtob\u00fcs duraklar\u0131na 100 m y\u00fcr\u00fcy\u00fc\u015f mesafesinde.\nTramvay dura\u011f\u0131na 300 m y\u00fcr\u00fcy\u00fc\u015f mesafesinde.\nMinib\u00fcs hatt\u0131 apart \u00f6n\u00fcnden ge\u00e7mektedir.\nKafe ve Restaurant sosyal ya\u015fam &hellip;<\/p>\n\t\t\t\t\t\t\t<a href=\"https:\/\/www.ozelnezihapart.com\/erkekapart\/?page_id=473\" class=\"page-box__more-link\">Devam\u0131<\/a>\n\t\t\t\t\t<\/div>\n\t<\/div>\n\n<\/div><\/div><div id=\"pgc-43-0-2\"  class=\"panel-grid-cell\" ><div id=\"panel-43-0-2-0\" class=\"so-panel widget widget_pw_featured_page widget-featured-page panel-first-child panel-last-child\" data-index=\"2\" >\n\t<div class=\"page-box  page-box--block\">\n\t\t\t\t\t<a class=\"page-box__picture\" href=\"https:\/\/www.ozelnezihapart.com\/erkekapart\/?page_id=484\">\n\t\t\t\t<img loading=\"lazy\" decoding=\"async\" src=\"https:\/\/www.ozelnezihapart.com\/erkekapart\/wp-content\/uploads\/2016\/06\/google-maps-icon-360x240.png\" width=\"360\" height=\"240\" srcset=\"https:\/\/www.ozelnezihapart.com\/erkekapart\/wp-content\/uploads\/2016\/06\/google-maps-icon-360x240.png 360w, https:\/\/www.ozelnezihapart.com\/erkekapart\/wp-content\/uploads\/2016\/06\/google-maps-icon.png 450w\" sizes=\"auto, (min-width: 992px) 360px, calc(100vw - 30px)\" class=\"wp-post-image\" alt=\"Nas\u0131l Ula\u015f\u0131r\u0131m ?\">\n\t\t\t<\/a>\n\t\t\t\t<div class=\"page-box__content\">\n\t\t\t<h4 class=\"page-box__title\"><a href=\"https:\/\/www.ozelnezihapart.com\/erkekapart\/?page_id=484\">Nas\u0131l Ula\u015f\u0131r\u0131m ?<\/a><\/h4>\n\t\t\t<p class=\"page-box__text\">\u00d6zel Nezih Apart Eski\u015fehir Osmangazi \u00dcniversitesi KYK yurdu kar\u015f\u0131s\u0131nda bulunmaktad\u0131r. Apart yerle\u015fim alan\u0131 gerek g\u00fcvenlik gerekse ula\u015f\u0131m imkanlar\u0131 ve sosyal alanlara yak\u0131nl\u0131\u011f\u0131 ile nezih &hellip;<\/p>\n\t\t\t\t\t\t\t<a href=\"https:\/\/www.ozelnezihapart.com\/erkekapart\/?page_id=484\" class=\"page-box__more-link\">Devam\u0131<\/a>\n\t\t\t\t\t<\/div>\n\t<\/div>\n\n<\/div><\/div><\/div><\/div>","protected":false},"excerpt":{"rendered":"<p>Apart Bilgisi Apartlar\u0131m\u0131z; Milli E\u011fitim Bakanl\u0131\u011f\u0131 sertifikal\u0131 ve onayl\u0131 ,g\u00fcvenlik, hijyen ve i\u015fletme durumu itibariyle A kalite bir yap\u0131dad\u0131r. Apart\u0131m\u0131z\u0131n bulundu\u011fu semt g\u00fcvenli ve sayg\u0131n bir \u00e7evreye &hellip; Devam\u0131 Nereye Yak\u0131n? Nereye Ne Kadar Uzak ; Otob\u00fcs duraklar\u0131na 100 m y\u00fcr\u00fcy\u00fc\u015f mesafesinde. Tramvay dura\u011f\u0131na 300 m y\u00fcr\u00fcy\u00fc\u015f mesafesinde. Minib\u00fcs hatt\u0131 apart \u00f6n\u00fcnden ge\u00e7mektedir. Kafe ve &hellip;<\/p>\n","protected":false},"author":1,"featured_media":0,"parent":0,"menu_order":0,"comment_status":"closed","ping_status":"closed","template":"","meta":{"_acf_changed":false,"footnotes":""},"class_list":["post-43","page","type-page","status-publish","hentry"],"acf":[],"_links":{"self":[{"href":"https:\/\/www.ozelnezihapart.com\/erkekapart\/index.php?rest_route=\/wp\/v2\/pages\/43","targetHints":{"allow":["GET"]}}],"collection":[{"href":"https:\/\/www.ozelnezihapart.com\/erkekapart\/index.php?rest_route=\/wp\/v2\/pages"}],"about":[{"href":"https:\/\/www.ozelnezihapart.com\/erkekapart\/index.php?rest_route=\/wp\/v2\/types\/page"}],"author":[{"embeddable":true,"href":"https:\/\/www.ozelnezihapart.com\/erkekapart\/index.php?rest_route=\/wp\/v2\/users\/1"}],"replies":[{"embeddable":true,"href":"https:\/\/www.ozelnezihapart.com\/erkekapart\/index.php?rest_route=%2Fwp%2Fv2%2Fcomments&post=43"}],"version-history":[{"count":5,"href":"https:\/\/www.ozelnezihapart.com\/erkekapart\/index.php?rest_route=\/wp\/v2\/pages\/43\/revisions"}],"predecessor-version":[{"id":1173,"href":"https:\/\/www.ozelnezihapart.com\/erkekapart\/index.php?rest_route=\/wp\/v2\/pages\/43\/revisions\/1173"}],"wp:attachment":[{"href":"https:\/\/www.ozelnezihapart.com\/erkekapart\/index.php?rest_route=%2Fwp%2Fv2%2Fmedia&parent=43"}],"curies":[{"name":"wp","href":"https:\/\/api.w.org\/{rel}","templated":true}]}}