{"id":1136,"date":"2016-06-28T13:03:30","date_gmt":"2016-06-28T10:03:30","guid":{"rendered":"http:\/\/ozelnezihapart.com\/kizapart\/?page_id=1136"},"modified":"2025-09-17T14:17:41","modified_gmt":"2025-09-17T11:17:41","slug":"haberler","status":"publish","type":"page","link":"https:\/\/www.ozelnezihapart.com\/erkekapart\/?page_id=1136","title":{"rendered":"Haberler"},"content":{"rendered":"<div id=\"pl-1136\"  class=\"panel-layout\" ><div id=\"pg-1136-0\"  class=\"panel-grid panel-has-style\" ><div class=\"siteorigin-panels-stretch panel-row-style panel-row-style-for-1136-0\" data-stretch-type=\"full\" ><div id=\"pgc-1136-0-0\"  class=\"panel-grid-cell\" ><div id=\"panel-1136-0-0-0\" class=\"so-panel widget widget_pw_latest_news widget-latest-news panel-first-child panel-last-child\" data-index=\"0\" >\n\t\t\t\t\t\t<div class=\"card  latest-news  latest-news--block\">\n\t\t\t\t\t\t\t\t\t<a href=\"https:\/\/www.ozelnezihapart.com\/erkekapart\/?p=1305\" class=\"latest-news__image\">\n\t\t\t\t\t\t<img loading=\"lazy\" decoding=\"async\" src=\"https:\/\/www.ozelnezihapart.com\/erkekapart\/wp-content\/uploads\/2016\/06\/duyuru1a-360x204.png\" width=\"360\" height=\"204\" srcset=\"https:\/\/www.ozelnezihapart.com\/erkekapart\/wp-content\/uploads\/2016\/06\/duyuru1a-360x204.png 360w, https:\/\/www.ozelnezihapart.com\/erkekapart\/wp-content\/uploads\/2016\/06\/duyuru1a.png 361w\" sizes=\"auto, (min-width: 992px) 360px, calc(100vw - 30px)\" class=\"card-img-top  wp-post-image\" alt=\"Erkek Apart Yeni D\u00f6nem Kay\u0131tlar\u0131 Ba\u015flam\u0131\u015ft\u0131r\">\n\t\t\t\t\t<\/a>\n\t\t\t\t\n\t\t\t\t<div class=\"card-block  latest-news__content\">\n\t\t\t\t\t<time class=\"latest-news__date\" datetime=\"2025-09-01T16:12:00+03:00\">1 Eyl\u00fcl 2025<\/time>\n\t\t\t\t\t<h4 class=\"card-title  latest-news__title\"><a href=\"https:\/\/www.ozelnezihapart.com\/erkekapart\/?p=1305\">Erkek Apart Yeni D\u00f6nem Kay\u0131tlar\u0131 Ba\u015flam\u0131\u015ft\u0131r<\/a><\/h4>\n\t\t\t\t\t<div class=\"card-text  latest-news__text\">\n\t\t\t\t\tYeni d\u00f6nem erkek apart kay\u0131tlar\u0131m\u0131z ba\u015flam\u0131\u015ft\u0131r. \u0130lgilenen misafirlerimizin ileti\u015fim sayfas\u0131nda bulunan se\u00e7enekleri kullanarak bizim ile ileti\u015fime ge\u00e7ebilirler. \u015eimdiden aram\u0131za HO\u015eGELD\u0130N\u0130Z.\t\t\t\t\t<\/div>\n\t\t\t\t<\/div>\n\t\t\t<\/div>\n\t\t\t\t\t\n<\/div><\/div><div id=\"pgc-1136-0-1\"  class=\"panel-grid-cell\" ><div id=\"panel-1136-0-1-0\" class=\"so-panel widget widget_pw_latest_news widget-latest-news panel-first-child panel-last-child\" data-index=\"1\" >\n\t\t\t\t\t\t<div class=\"card  latest-news  latest-news--block\">\n\t\t\t\t\t\t\t\t\t<a href=\"https:\/\/www.ozelnezihapart.com\/erkekapart\/?p=1247\" class=\"latest-news__image\">\n\t\t\t\t\t\t<img loading=\"lazy\" decoding=\"async\" src=\"https:\/\/www.ozelnezihapart.com\/erkekapart\/wp-content\/uploads\/2016\/06\/duyuru1a-360x204.png\" width=\"360\" height=\"204\" srcset=\"https:\/\/www.ozelnezihapart.com\/erkekapart\/wp-content\/uploads\/2016\/06\/duyuru1a-360x204.png 360w, https:\/\/www.ozelnezihapart.com\/erkekapart\/wp-content\/uploads\/2016\/06\/duyuru1a.png 361w\" sizes=\"auto, (min-width: 992px) 360px, calc(100vw - 30px)\" class=\"card-img-top  wp-post-image\" alt=\"Kay\u0131t Yenileme\">\n\t\t\t\t\t<\/a>\n\t\t\t\t\n\t\t\t\t<div class=\"card-block  latest-news__content\">\n\t\t\t\t\t<time class=\"latest-news__date\" datetime=\"2025-07-07T17:44:00+03:00\">7 Temmuz 2025<\/time>\n\t\t\t\t\t<h4 class=\"card-title  latest-news__title\"><a href=\"https:\/\/www.ozelnezihapart.com\/erkekapart\/?p=1247\">Kay\u0131t Yenileme<\/a><\/h4>\n\t\t\t\t\t<div class=\"card-text  latest-news__text\">\n\t\t\t\t\tKay\u0131t yenileme tarihi 01 Temmuz -01 A\u011fustos tarihleri aras\u0131ndad\u0131r. Kay\u0131t yenilemek isteyen misafirlerimizin bu tarihlerde \u015fahsen apart y\u00f6netimi ile temasa ge\u00e7meleri \u00f6nem ile rica olunur. Bu tarihten sonraki kay\u0131tlar yeni kay\u0131t olarak de\u011ferlendirilecektir.\t\t\t\t\t<\/div>\n\t\t\t\t<\/div>\n\t\t\t<\/div>\n\t\t\t\t\t\n<\/div><\/div><div id=\"pgc-1136-0-2\"  class=\"panel-grid-cell\" ><div id=\"panel-1136-0-2-0\" class=\"so-panel widget widget_pw_latest_news widget-latest-news panel-first-child panel-last-child\" data-index=\"2\" >\n\t\t\t\t\t\t<div class=\"card  latest-news  latest-news--block\">\n\t\t\t\t\t\t\t\t\t<a href=\"https:\/\/www.ozelnezihapart.com\/erkekapart\/?p=1249\" class=\"latest-news__image\">\n\t\t\t\t\t\t<img loading=\"lazy\" decoding=\"async\" src=\"https:\/\/www.ozelnezihapart.com\/erkekapart\/wp-content\/uploads\/2016\/06\/warning-danger-sign-clip-art_f-1-360x204.jpg\" width=\"360\" height=\"204\" srcset=\"https:\/\/www.ozelnezihapart.com\/erkekapart\/wp-content\/uploads\/2016\/06\/warning-danger-sign-clip-art_f-1-360x204.jpg 360w, https:\/\/www.ozelnezihapart.com\/erkekapart\/wp-content\/uploads\/2016\/06\/warning-danger-sign-clip-art_f-1.jpg 361w\" sizes=\"auto, (min-width: 992px) 360px, calc(100vw - 30px)\" class=\"card-img-top  wp-post-image\" alt=\"Temizlik G\u00fcnleri\">\n\t\t\t\t\t<\/a>\n\t\t\t\t\n\t\t\t\t<div class=\"card-block  latest-news__content\">\n\t\t\t\t\t<time class=\"latest-news__date\" datetime=\"2024-07-01T16:46:36+03:00\">1 Temmuz 2024<\/time>\n\t\t\t\t\t<h4 class=\"card-title  latest-news__title\"><a href=\"https:\/\/www.ozelnezihapart.com\/erkekapart\/?p=1249\">Temizlik G\u00fcnleri<\/a><\/h4>\n\t\t\t\t\t<div class=\"card-text  latest-news__text\">\n\t\t\t\t\tDe\u011ferli misafirlerimiz&nbsp; al\u0131nan yeni karar do\u011frultusunda ortak ya\u015fam alan\u0131 temizlikleri, y\u00f6netimimiz taraf\u0131ndan haftan\u0131n belli g\u00fcnlerinde yapt\u0131r\u0131lacakt\u0131r. Kendinize ait oda temizlikleri sizlere aittir.\t\t\t\t\t<\/div>\n\t\t\t\t<\/div>\n\t\t\t<\/div>\n\t\t\t\t\t\n<\/div><\/div><\/div><\/div><div id=\"pg-1136-1\"  class=\"panel-grid panel-no-style\" ><div id=\"pgc-1136-1-0\"  class=\"panel-grid-cell panel-grid-cell-empty panel-grid-cell-mobile-last\" ><\/div><div id=\"pgc-1136-1-1\"  class=\"panel-grid-cell panel-grid-cell-empty\" ><\/div><\/div><\/div>","protected":false},"excerpt":{"rendered":"<p>1 Eyl\u00fcl 2025 Erkek Apart Yeni D\u00f6nem Kay\u0131tlar\u0131 Ba\u015flam\u0131\u015ft\u0131r Yeni d\u00f6nem erkek apart kay\u0131tlar\u0131m\u0131z ba\u015flam\u0131\u015ft\u0131r. \u0130lgilenen misafirlerimizin ileti\u015fim sayfas\u0131nda bulunan se\u00e7enekleri kullanarak bizim ile ileti\u015fime ge\u00e7ebilirler. \u015eimdiden aram\u0131za HO\u015eGELD\u0130N\u0130Z. 7 Temmuz 2025 Kay\u0131t Yenileme Kay\u0131t yenileme tarihi 01 Temmuz -01 A\u011fustos tarihleri aras\u0131ndad\u0131r. Kay\u0131t yenilemek isteyen misafirlerimizin bu tarihlerde \u015fahsen apart y\u00f6netimi ile temasa ge\u00e7meleri &hellip;<\/p>\n","protected":false},"author":1,"featured_media":0,"parent":0,"menu_order":0,"comment_status":"closed","ping_status":"closed","template":"","meta":{"_acf_changed":false,"footnotes":""},"class_list":["post-1136","page","type-page","status-publish","hentry"],"acf":[],"_links":{"self":[{"href":"https:\/\/www.ozelnezihapart.com\/erkekapart\/index.php?rest_route=\/wp\/v2\/pages\/1136","targetHints":{"allow":["GET"]}}],"collection":[{"href":"https:\/\/www.ozelnezihapart.com\/erkekapart\/index.php?rest_route=\/wp\/v2\/pages"}],"about":[{"href":"https:\/\/www.ozelnezihapart.com\/erkekapart\/index.php?rest_route=\/wp\/v2\/types\/page"}],"author":[{"embeddable":true,"href":"https:\/\/www.ozelnezihapart.com\/erkekapart\/index.php?rest_route=\/wp\/v2\/users\/1"}],"replies":[{"embeddable":true,"href":"https:\/\/www.ozelnezihapart.com\/erkekapart\/index.php?rest_route=%2Fwp%2Fv2%2Fcomments&post=1136"}],"version-history":[{"count":33,"href":"https:\/\/www.ozelnezihapart.com\/erkekapart\/index.php?rest_route=\/wp\/v2\/pages\/1136\/revisions"}],"predecessor-version":[{"id":1652,"href":"https:\/\/www.ozelnezihapart.com\/erkekapart\/index.php?rest_route=\/wp\/v2\/pages\/1136\/revisions\/1652"}],"wp:attachment":[{"href":"https:\/\/www.ozelnezihapart.com\/erkekapart\/index.php?rest_route=%2Fwp%2Fv2%2Fmedia&parent=1136"}],"curies":[{"name":"wp","href":"https:\/\/api.w.org\/{rel}","templated":true}]}}